{"id":842,"date":"2025-06-19T04:46:43","date_gmt":"2025-06-19T04:46:43","guid":{"rendered":"https:\/\/macrobluserver.com\/mariko\/?page_id=842"},"modified":"2025-11-06T16:10:01","modified_gmt":"2025-11-06T16:10:01","slug":"studio-info","status":"publish","type":"page","link":"https:\/\/marikotanabe.com\/fr\/studio\/studio-info\/","title":{"rendered":"Informations sur le studio"},"content":{"rendered":"<p><\/p>\n<h2>STUDIO MARIKO TANABE<\/h2>\n<p>Que ce soit pour vos classes, ateliers, r\u00e9p\u00e9titions ou pr\u00e9sentations intimes en petit groupe, le studio Mariko Tanabe est un espace id\u00e9al de location, paisible et \u00e9pur\u00e9. Lumineux et a\u00e9r\u00e9, le studio sera votre page blanche de cr\u00e9ation, ou votre oasis de paix pour vos sessions de travail et d\u2019enseignement.<\/p>\n<p>Situ\u00e9 au 5445 rue De Gasp\u00e9, le studio 609A (suivez les fl\u00e8ches vertes) est au 6e \u00e9tage. Il est insonoris\u00e9 et maintenant \u00e9quip\u00e9 d&rsquo;un service priv\u00e9 d&rsquo;internet sans-fil, fibre-optique (50 Mbps). Il y a d\u2019un plancher de danse (<a href=\"http:\/\/studio.marikotanabe.com\/studio-floorplan\/\" target=\"_blank\" rel=\"noopener noreferrer\">voir dimensions<\/a>) en bois d\u2019\u00e9rable, amortissant, ainsi que de grandes fen\u00eatres qui donnent une vue sur le Plateau, vers l\u2019est de la ville de Montr\u00e9al. Vous pouvez choisir d&rsquo;utiliser notre rideau blanc semi-opaque qui peut couvrir les fen\u00eatres tout en laissant entrer la lumi\u00e8re naturelle. L\u2019espace est facilement accessible aux fauteuils roulants gr\u00e2ce \u00e0 des rampes d\u2019acc\u00e8s et \u00e0 des ascenseurs. Un syst\u00e8me de son avec fil auxiliaire et lecteur CD est \u00e0 votre disposition. Vous trouverez \u00e9galement des chaises pliantes que vous pourrez utiliser \u00e0 votre guise. En raison de la pand\u00e9mie, nous ne fournissons pas de tapis, de blocs ou de couvertures \u00e0 usage partag\u00e9 jusqu&rsquo;\u00e0 nouvel ordre.<\/p>\n<p>Nous prenons les r\u00e9servations selon le principe du premier arriv\u00e9, premier servi. Vous pouvez v\u00e9rifier la disponibilit\u00e9 du studio ici: <a href=\"https:\/\/marikotanabe.com\/fr\/studio\/availability\/\" target=\"_blank\" rel=\"noopener noreferrer\">Calendrier.<\/a> Envoyez votre demande de r\u00e9servation \u00e0 studio@marikotanabe.com Nous vous r\u00e9pondrons rapidement.<\/p>\n<p>&nbsp;<\/p>\n<p><strong>\u00c9quipement de l\u2019espace:<\/strong><\/p>\n<ul>\n<li>La capacit\u00e9 du studio est de 9 personnes par classe, y compris le-la professeur-e, 3-4 personnes par r\u00e9p\u00e9tition. Toutefois, cela peut changer en fonction des mesures sanitaires en vigueur pendant la pand\u00e9mie. <strong>Nous vous demandons de nous informer du nombre de participants et des activit\u00e9s concern\u00e9es par votre engagement.<\/strong><\/li>\n<li>Service priv\u00e9 d&rsquo;internet sans-fil, fibre-optique (50 Mbps).<\/li>\n<li>Plancher de bois d\u2019\u00e9rable non color\u00e9, amortissant et chauff\u00e9.<\/li>\n<li>Syst\u00e8me de son avec lecteur CD et prise jack.<\/li>\n<li>Rideau blanc semi-opaque en option qui peut couvrir les fen\u00eatres tout en laissant passer la lumi\u00e8re naturelle<\/li>\n<li>10 chaises pliables r\u00e9sistantes.<\/li>\n<li>Les salles de bains se trouvent \u00e0 l\u2019ext\u00e9rieur du studio, \u00e0 quelques m\u00e8tres seulement. Elles sont spacieuses, avec un grand miroir, et peuvent \u00eatre utilis\u00e9es comme vestiaire.<\/li>\n<\/ul>\n<p style=\"font-weight: 400;\"><strong>Tarifs de location<\/strong><\/p>\n<ul style=\"font-weight: 400;\">\n<li>Courant : 16 $\/h<\/li>\n<li>Pour les classes, ateliers et stages : 22 $\/h ou 20$\/h pour les membres du RQD<\/li>\n<li><em>Carte 40 h<\/em>\u00a0: 2 $ de r\u00e9duction par heure sur le prix initial.<\/li>\n<li>14 $\/h pour les membres du RQD<\/li>\n<\/ul>\n<p style=\"font-weight: 400;\">Le studio Mariko Tanabe est un OBNL, nous ne facturons pas de taxes.<\/p>\n<p style=\"font-weight: 400;\"><strong>\u00c0 noter:<\/strong> Nous nous r\u00e9servons le droit de modifier le prix en fonction du nombre de personnes et de l\u2019\u00e9quipement requis. Si vous souhaitez organiser un autre type d\u2019\u00e9v\u00e9nement (tournage, s\u00e9ance photo, lecture, r\u00e9ception, pr\u00e9sentation publique, etc.), contactez-nous et nous d\u00e9ciderons ensemble du prix.<\/p>\n<p>&nbsp;<\/p>\n<p><strong>Contact<\/strong><\/p>\n<p><a href=\"mailto:studio@marikotanabe.com\">studio@marikotanabe.com<\/a><\/p>\n<p>Des agents de s\u00e9curit\u00e9 se trouvent au rez-de-chauss\u00e9e 24\/7. Ils sont joignables au 514 317-6451<\/p>","protected":false},"excerpt":{"rendered":"<p>STUDIO MARIKO TANABE Que ce soit pour vos classes, ateliers, r\u00e9p\u00e9titions ou pr\u00e9sentations intimes en petit groupe, le studio Mariko Tanabe est un espace id\u00e9al de location, paisible et \u00e9pur\u00e9. Lumineux et a\u00e9r\u00e9, le studio sera votre page blanche de cr\u00e9ation, ou votre oasis de paix pour vos sessions de travail et d\u2019enseignement. Situ\u00e9 au [&hellip;]<\/p>\n","protected":false},"author":1,"featured_media":964,"parent":131,"menu_order":0,"comment_status":"closed","ping_status":"closed","template":"","meta":{"footnotes":""},"class_list":["post-842","page","type-page","status-publish","has-post-thumbnail","hentry"],"acf":[],"_links":{"self":[{"href":"https:\/\/marikotanabe.com\/fr\/wp-json\/wp\/v2\/pages\/842","targetHints":{"allow":["GET"]}}],"collection":[{"href":"https:\/\/marikotanabe.com\/fr\/wp-json\/wp\/v2\/pages"}],"about":[{"href":"https:\/\/marikotanabe.com\/fr\/wp-json\/wp\/v2\/types\/page"}],"author":[{"embeddable":true,"href":"https:\/\/marikotanabe.com\/fr\/wp-json\/wp\/v2\/users\/1"}],"replies":[{"embeddable":true,"href":"https:\/\/marikotanabe.com\/fr\/wp-json\/wp\/v2\/comments?post=842"}],"version-history":[{"count":15,"href":"https:\/\/marikotanabe.com\/fr\/wp-json\/wp\/v2\/pages\/842\/revisions"}],"predecessor-version":[{"id":1047,"href":"https:\/\/marikotanabe.com\/fr\/wp-json\/wp\/v2\/pages\/842\/revisions\/1047"}],"up":[{"embeddable":true,"href":"https:\/\/marikotanabe.com\/fr\/wp-json\/wp\/v2\/pages\/131"}],"wp:featuredmedia":[{"embeddable":true,"href":"https:\/\/marikotanabe.com\/fr\/wp-json\/wp\/v2\/media\/964"}],"wp:attachment":[{"href":"https:\/\/marikotanabe.com\/fr\/wp-json\/wp\/v2\/media?parent=842"}],"curies":[{"name":"wp","href":"https:\/\/api.w.org\/{rel}","templated":true}]}}