{"id":523,"date":"2022-07-15T15:59:22","date_gmt":"2022-07-15T15:59:22","guid":{"rendered":"https:\/\/marikotanabe.com\/?page_id=523"},"modified":"2025-12-11T18:37:16","modified_gmt":"2025-12-11T18:37:16","slug":"ancestral-healing","status":"publish","type":"page","link":"https:\/\/marikotanabe.com\/fr\/ancestral-healing\/","title":{"rendered":"Pratique ancestrale"},"content":{"rendered":"<p>D\u00e9couvrez la Gu\u00e9rison Ancestrale \u00e0 travers <a href=\"https:\/\/ancestralmedicine.org\/practitioner-directory\/\">Ancestral Medicine<\/a> avec Mariko Tanabe, praticienne certifi\u00e9e<\/p>","protected":false},"excerpt":{"rendered":"<p>D\u00e9couvrez la Gu\u00e9rison Ancestrale \u00e0 travers Ancestral Medicine avec Mariko Tanabe, praticienne certifi\u00e9e<\/p>\n","protected":false},"author":5,"featured_media":916,"parent":0,"menu_order":0,"comment_status":"closed","ping_status":"closed","template":"","meta":{"footnotes":""},"class_list":["post-523","page","type-page","status-publish","has-post-thumbnail","hentry"],"acf":[],"_links":{"self":[{"href":"https:\/\/marikotanabe.com\/fr\/wp-json\/wp\/v2\/pages\/523","targetHints":{"allow":["GET"]}}],"collection":[{"href":"https:\/\/marikotanabe.com\/fr\/wp-json\/wp\/v2\/pages"}],"about":[{"href":"https:\/\/marikotanabe.com\/fr\/wp-json\/wp\/v2\/types\/page"}],"author":[{"embeddable":true,"href":"https:\/\/marikotanabe.com\/fr\/wp-json\/wp\/v2\/users\/5"}],"replies":[{"embeddable":true,"href":"https:\/\/marikotanabe.com\/fr\/wp-json\/wp\/v2\/comments?post=523"}],"version-history":[{"count":152,"href":"https:\/\/marikotanabe.com\/fr\/wp-json\/wp\/v2\/pages\/523\/revisions"}],"predecessor-version":[{"id":1055,"href":"https:\/\/marikotanabe.com\/fr\/wp-json\/wp\/v2\/pages\/523\/revisions\/1055"}],"wp:featuredmedia":[{"embeddable":true,"href":"https:\/\/marikotanabe.com\/fr\/wp-json\/wp\/v2\/media\/916"}],"wp:attachment":[{"href":"https:\/\/marikotanabe.com\/fr\/wp-json\/wp\/v2\/media?parent=523"}],"curies":[{"name":"wp","href":"https:\/\/api.w.org\/{rel}","templated":true}]}}