{"id":326,"date":"2021-09-07T16:56:49","date_gmt":"2021-09-07T16:56:49","guid":{"rendered":"https:\/\/marikotanabe.com\/?page_id=326"},"modified":"2026-04-03T18:30:11","modified_gmt":"2026-04-03T18:30:11","slug":"schedule-appointment","status":"publish","type":"page","link":"https:\/\/marikotanabe.com\/fr\/schedule-appointment\/","title":{"rendered":"R\u00e9servations \/ Inscriptions"},"content":{"rendered":"<p><\/p>\n<p data-start=\"40\" data-end=\"164\"><em><strong>Des tarifs ajust\u00e9s peuvent \u00eatre propos\u00e9s au cas par cas. Veuillez me contacter \u00e0 l\u2019adresse suivante : <a class=\"decorated-link cursor-pointer\" rel=\"noopener\" data-start=\"142\" data-end=\"163\">info@marikotanabe.com<\/a>.<\/strong><\/em><\/p>\n<p data-start=\"166\" data-end=\"456\"><em><strong>Si mon calendrier n\u2019indique aucune disponibilit\u00e9, merci de v\u00e9rifier \u00e0 nouveau plus tard, car d\u2019autres dates seront ajout\u00e9es. Vous pouvez \u00e9galement m\u2019envoyer un courriel ou me contacter via mon site\u00a0<a href=\"https:\/\/studio.marikotanabe.com\/contact-us\/\">web<\/a>. Pour les nouveaux clients, nous commencerons par une consultation gratuite de 15 minutes.<\/strong><\/em><\/p>\n<p data-start=\"458\" data-end=\"551\" data-is-last-node=\"\" data-is-only-node=\"\"><em><strong>Je vous remercie de l\u2019int\u00e9r\u00eat que vous portez \u00e0 mon travail et me r\u00e9jouis de vous rencontrer.<\/strong><\/em><\/p>\n<p><iframe loading=\"lazy\" title=\"Schedule Appointment\" src=\"https:\/\/app.squarespacescheduling.com\/schedule.php?owner=23611381\" width=\"100%\" height=\"800\" frameborder=\"0\"><span data-mce-type=\"bookmark\" style=\"display: inline-block; width: 0px; overflow: hidden; line-height: 0;\" class=\"mce_SELRES_start\">\ufeff<\/span><\/iframe><script src=\"https:\/\/embed.acuityscheduling.com\/js\/embed.js\" type=\"text\/javascript\"><\/script><\/p>","protected":false},"excerpt":{"rendered":"<p>Des tarifs ajust\u00e9s peuvent \u00eatre propos\u00e9s au cas par cas. Veuillez me contacter \u00e0 l\u2019adresse suivante : info@marikotanabe.com. Si mon calendrier n\u2019indique aucune disponibilit\u00e9, merci de v\u00e9rifier \u00e0 nouveau plus tard, car d\u2019autres dates seront ajout\u00e9es. Vous pouvez \u00e9galement m\u2019envoyer un courriel ou me contacter via mon site\u00a0web. Pour les nouveaux clients, nous commencerons par [&hellip;]<\/p>\n","protected":false},"author":1,"featured_media":801,"parent":0,"menu_order":0,"comment_status":"closed","ping_status":"closed","template":"","meta":{"footnotes":""},"class_list":["post-326","page","type-page","status-publish","has-post-thumbnail","hentry"],"acf":[],"_links":{"self":[{"href":"https:\/\/marikotanabe.com\/fr\/wp-json\/wp\/v2\/pages\/326","targetHints":{"allow":["GET"]}}],"collection":[{"href":"https:\/\/marikotanabe.com\/fr\/wp-json\/wp\/v2\/pages"}],"about":[{"href":"https:\/\/marikotanabe.com\/fr\/wp-json\/wp\/v2\/types\/page"}],"author":[{"embeddable":true,"href":"https:\/\/marikotanabe.com\/fr\/wp-json\/wp\/v2\/users\/1"}],"replies":[{"embeddable":true,"href":"https:\/\/marikotanabe.com\/fr\/wp-json\/wp\/v2\/comments?post=326"}],"version-history":[{"count":35,"href":"https:\/\/marikotanabe.com\/fr\/wp-json\/wp\/v2\/pages\/326\/revisions"}],"predecessor-version":[{"id":1079,"href":"https:\/\/marikotanabe.com\/fr\/wp-json\/wp\/v2\/pages\/326\/revisions\/1079"}],"wp:featuredmedia":[{"embeddable":true,"href":"https:\/\/marikotanabe.com\/fr\/wp-json\/wp\/v2\/media\/801"}],"wp:attachment":[{"href":"https:\/\/marikotanabe.com\/fr\/wp-json\/wp\/v2\/media?parent=326"}],"curies":[{"name":"wp","href":"https:\/\/api.w.org\/{rel}","templated":true}]}}