{"id":32,"date":"2021-07-05T18:22:15","date_gmt":"2021-07-05T18:22:15","guid":{"rendered":"https:\/\/internal.macroblu.com\/Tanabe\/?page_id=32"},"modified":"2025-09-03T20:12:06","modified_gmt":"2025-09-03T20:12:06","slug":"about","status":"publish","type":"page","link":"https:\/\/marikotanabe.com\/fr\/about\/","title":{"rendered":"\u00c0 propos"},"content":{"rendered":"<p><\/p>\n<h3>Mariko Tanabe<\/h3>\n<p>Mariko Tanabe est une interpr\u00e8te-chor\u00e9graphe acclam\u00e9e par la critique et dont le travail a \u00e9t\u00e9 applaudi sur la sc\u00e8ne internationale. Reconnue pour son \u00e9lectrisante pr\u00e9sence sur sc\u00e8ne, elle s\u2019appuie sur la richesse de ses explorations interculturelles et m\u00e9taphysiques pour cr\u00e9er des \u0153uvres passionn\u00e9es, sensuelles et hautement stylis\u00e9es. Son h\u00e9ritage japonais jumel\u00e9 \u00e0 la dynamique explosive et fougueuse du flamenco sont au c\u0153ur de ses explorations, tout autant que les myst\u00e8res de l\u2019esprit humain. Mariko privil\u00e9gie le travail en collaboration pour d\u00e9velopper des \u0153uvres qui int\u00e8grent souvent une musique originale interpr\u00e9t\u00e9e en direct et des \u00e9l\u00e9ments visuels au puissant pouvoir d\u2019\u00e9vocation. Elle a pr\u00e9sent\u00e9 ses chor\u00e9graphies depuis 1993 au Canada, Portugal, Autriche, Mexique, Malaisie, Allemagne, Su\u00e8de, France, la R\u00e9publique tcheque, Pologne, Italie, Japon et aux \u00c9tats-unis.<\/p>\n<p>Elle a particip\u00e9 \u00e0 de nombreux \u00e9v\u00e9nements \u00e0 Toronto, Montr\u00e9al et New York, o\u00f9 elle a d\u00e9but\u00e9 sa carri\u00e8re comme enseignante et interpr\u00e8te pendant douze ans avec le pionnier de la danse moderne am\u00e9ricaine, Erick Hawkins, et membre de la compagnie Sachiyo Ito and Dancers qui a pr\u00e9sent\u00e9 les danses traditionelles du Japon. Elle a travaill\u00e9 avec de nombreux artistes et enseignants tels que Marie Chouinard, Beno\u00eet Lachambre, Poll Pelletier et Min Tanaka, qui ont tous eu une influence importante sur l\u2019\u00e9volution de sa d\u00e9marche cr\u00e9ative. Form\u00e9e en danse traditionnelle japonaise, elle s\u2019est aussi perfectionn\u00e9e en danse contemporaine, ballet, butoh, flamenco, danse orientale, th\u00e9\u00e2tre exp\u00e9rimental, technique Alexander, yoga, et diff\u00e9rentes disciplines de gu\u00e9rison. Form\u00e9e aupr\u00e8s de Bonnie Bainbridge Cohen \u2013 fondatrice du Body-Mind Centering\u00ae (BMCSM ), elle est praticienne et formatrice certifi\u00e9e de cette discipline, fondatrice et directrice du programme de formation agr\u00e9\u00e9 de Body-Mind Centering\u00ae \u00e0 Montr\u00e9al, ainsi qu\u2019\u00c9ducatrice en d\u00e9veloppement moteur du nourrisson. Elle a enseign\u00e9 dans plusieurs universit\u00e9s et centres d\u2019art \u00e0 travers le monde incluant l\u2019UQAM, l\u2019Universit\u00e9 McGill et l\u2019Universit\u00e9 Concordia, \u00e0 Montr\u00e9al; l\u2019Universit\u00e9 de l\u2019Alberta, l\u2019Universit\u00e9 de New York et Teachers College, Columbia University (New York), la FAMU (Acad\u00e9mie du film de Prague), l\u2019Universit\u00e9 Comenius \u00e0 Bratislava (Slovaquie), Yamazaki Arts Centre \u00e0 Kyoto (Japon), Bellas Artes (Mexique), la Schwankhalle, Steptext dance project et Tanz Fabrik \u00e0 Br\u00e8me (Allemagne), Festival Tanz Ist! \u00e0 Dornbirn (Autriche), Muziek Akademie \u00e0 Enschende (Hollande), Toronto Dance Theatre, Circuit Est Centre Chor\u00e9graphique, Studio 303, Jean Sebastien\/Fabrication Danse, et Montreal Danse (Montr\u00e9al). Finalement, Mariko est aussi praticienne certifi\u00e9e de la Gu\u00e9rison Ancestrale depuis 2021.<\/p>","protected":false},"excerpt":{"rendered":"<p>Mariko Tanabe Mariko Tanabe est une interpr\u00e8te-chor\u00e9graphe acclam\u00e9e par la critique et dont le travail a \u00e9t\u00e9 applaudi sur la sc\u00e8ne internationale. Reconnue pour son \u00e9lectrisante pr\u00e9sence sur sc\u00e8ne, elle s\u2019appuie sur la richesse de ses explorations interculturelles et m\u00e9taphysiques pour cr\u00e9er des \u0153uvres passionn\u00e9es, sensuelles et hautement stylis\u00e9es. Son h\u00e9ritage japonais jumel\u00e9 \u00e0 la [&hellip;]<\/p>\n","protected":false},"author":1,"featured_media":0,"parent":0,"menu_order":0,"comment_status":"closed","ping_status":"closed","template":"","meta":{"footnotes":""},"class_list":["post-32","page","type-page","status-publish","hentry"],"acf":[],"_links":{"self":[{"href":"https:\/\/marikotanabe.com\/fr\/wp-json\/wp\/v2\/pages\/32","targetHints":{"allow":["GET"]}}],"collection":[{"href":"https:\/\/marikotanabe.com\/fr\/wp-json\/wp\/v2\/pages"}],"about":[{"href":"https:\/\/marikotanabe.com\/fr\/wp-json\/wp\/v2\/types\/page"}],"author":[{"embeddable":true,"href":"https:\/\/marikotanabe.com\/fr\/wp-json\/wp\/v2\/users\/1"}],"replies":[{"embeddable":true,"href":"https:\/\/marikotanabe.com\/fr\/wp-json\/wp\/v2\/comments?post=32"}],"version-history":[{"count":17,"href":"https:\/\/marikotanabe.com\/fr\/wp-json\/wp\/v2\/pages\/32\/revisions"}],"predecessor-version":[{"id":993,"href":"https:\/\/marikotanabe.com\/fr\/wp-json\/wp\/v2\/pages\/32\/revisions\/993"}],"wp:attachment":[{"href":"https:\/\/marikotanabe.com\/fr\/wp-json\/wp\/v2\/media?parent=32"}],"curies":[{"name":"wp","href":"https:\/\/api.w.org\/{rel}","templated":true}]}}