{"id":225,"date":"2021-07-09T17:48:13","date_gmt":"2021-07-09T17:48:13","guid":{"rendered":"https:\/\/internal.macroblu.com\/Tanabe\/?page_id=225"},"modified":"2025-09-05T21:02:53","modified_gmt":"2025-09-05T21:02:53","slug":"body-mind-centering","status":"publish","type":"page","link":"https:\/\/marikotanabe.com\/fr\/body-mind-centering\/","title":{"rendered":"Esprit en Mouvement &#8211; programme de formation"},"content":{"rendered":"<p><img loading=\"lazy\" decoding=\"async\" class=\"alignnone size-full wp-image-226\" src=\"https:\/\/marikotanabe.com\/wp-content\/uploads\/2021\/07\/image-1.png\" alt=\"\" width=\"463\" height=\"128\" srcset=\"https:\/\/marikotanabe.com\/wp-content\/uploads\/2021\/07\/image-1.png 463w, https:\/\/marikotanabe.com\/wp-content\/uploads\/2021\/07\/image-1-300x83.png 300w\" sizes=\"auto, (max-width: 463px) 100vw, 463px\" \/><br \/>\n<img loading=\"lazy\" decoding=\"async\" class=\"alignnone size-full wp-image-228\" src=\"https:\/\/marikotanabe.com\/wp-content\/uploads\/2021\/07\/image-2.png\" alt=\"\" width=\"300\" height=\"58\" \/><\/p>\n<h3>LE PROGRAMME DE FORMATION AGR\u00c9\u00c9 DE BODY-MIND CENTERING\u00ae \u00c0 MONTR\u00c9AL<\/h3>\n<p>Merci de votre int\u00e9r\u00eat pour le programme de formation agr\u00e9\u00e9 de Body-Mind Centering\u00ae \u00e0 Montr\u00e9al. Nous offrions la formation certifi\u00e9e de 500 heures pour devenir un.e \u00e9ducateur.rice en mouvement somatique de Body-Mind Centering\u00ae.<\/p>\n<p class=\"p1\">Apr\u00e8s avoir compl\u00e9t\u00e9 la formation de 500 heures d&rsquo;\u00e9ducation en mouvement somatique, nous ne poursuivrons pas ce programme pour le moment. Veuillez cliquer <a href=\"https:\/\/www.bodymindcentering.com\/locations\/\">ici<\/a> pour en savoir plus sur les nombreux autres programmes de formation agr\u00e9\u00e9s <span class=\"s1\">BMCsm<\/span> offerts \u00e0 travers le monde.<\/p>\n<p>&nbsp;<\/p>\n<p><strong>Un message de Mariko Tanabe, directrice du programme d\u2019Esprit en Mouvement :<\/strong><\/p>\n<p>Le parcours de pr\u00e9paration et de lancement du programme licenci\u00e9 d\u2019Esprit en Mouvement \u00e0 Montr\u00e9al a \u00e9t\u00e9 l\u2019une des exp\u00e9riences les plus exaltantes et excitantes de ma vie. Quelle merveilleuse aventure!<\/p>\n<p>Je remercie ma famille et les innombrables autres personnes qui m\u2019ont soutenue et guid\u00e9e tout au long de cette qu\u00eate. Et un merci sp\u00e9cial \u00e0 ma professeure, mentor et amie, Bonnie Bainbridge Cohen, la fondatrice de Body-Mind Centering\u00ae qui a suivi le chemin qui a cr\u00e9\u00e9 ce beau travail et cette communaut\u00e9 dynamique, et nous a offert des fa\u00e7ons inspirantes et \u00e9panouissantes d\u2019\u00eatre dans ce monde.<\/p>\n<p>\u00c0 la suite d\u2019un premier cycle termin\u00e9, j\u2019ai pris la d\u00e9cision difficile de suspendre le programme d\u2019\u00e9ducation somatique par le mouvement d\u2019Esprit en Mouvement pour cette ann\u00e9e. Les effets de la pand\u00e9mie ont eu de nombreuses r\u00e9percussions sur nos ressources et il y a eu beaucoup de changements dans nos vies. Je suis appel\u00e9e loin des exigences de la direction du programme BMC<sup>sm<\/sup>, pour m\u2019occuper d\u2019affaires familiales et personnelles qui n\u00e9cessitent mon attention. Je souhaite \u00e9galement honorer le besoin d\u2019int\u00e9gration et de temps pour r\u00e9g\u00e9n\u00e9rer mon corps et mon esprit. Esprit en Mouvement n\u2019offrira aucun cours en 2023 et r\u00e9\u00e9valuera la situation plus tard cet automne pour la possibilit\u00e9 d\u2019offrir des cours du programme ESM de BMC<sup>sm<\/sup>\u00a0dans les ann\u00e9es \u00e0 venir. En attendant, j\u2019esp\u00e8re que tou.te.s nos \u00e9tudiants b\u00e9n\u00e9ficieront de la poursuite de leur formation BMC<sup>sm<\/sup>\u00a0dans les nombreux autres programmes de formation agr\u00e9\u00e9s \u00e0 travers le monde.<\/p>\n<p>J\u2019ai l\u2019intention de poursuivre ma pratique priv\u00e9e, le mentorat, la recherche continue et l\u2019enseignement cette ann\u00e9e, tout en explorant la possibilit\u00e9 de trouver un successeur qualifi\u00e9 qui pourra m\u2019aider \u00e0 diriger ce programme \u00e0 l\u2019avenir. Veuillez revenir avec nous cet automne pour d\u2019autres nouvelles. Et n\u2019h\u00e9sitez pas \u00e0 nous contacter \u00e0\u00a0admin@espritenmouvement.com.<\/p>\n<p>Je tiens \u00e0 remercier tous.tes les \u00e9tudiant.e.s qui ont particip\u00e9 aux cours d\u2019EEM tout au long du cycle. Sans vous, il n\u2019y aurait pas de programme. Et gratitude aux enseignant.e.s qui ont apport\u00e9 leur expertise, leur engagement et leur c\u0153ur au programme : Erik Bendix, Janet Amato, Anne Garrigues, Walburga Glatz, Bob Lehnberg, Lulla Chourlin et les assistantes Cynthia Stevens, Natasha Martina, Janet Kwantes, Margery Segal, Basha Cohen, Vanessa Gagnon et Nisha Kewalramani (enseignante et assistante).<\/p>\n<p>Un grand merci \u00e0 nos traductrices Vanessa Gagnon et Sarah Bild, aux administratrices Genevi\u00e8ve Robitaille et Reena Almoneda Chang, et au superviseur du programme Thomas Greil.<\/p>\n<p>F\u00e9licitations aux premi\u00e8res dipl\u00f4m\u00e9es du programme ESM : Meryem Alaoui, Florence Poulin et Elissa Weinzimmer, et aux nombreux.ses autres qui obtiendront bient\u00f4t leur dipl\u00f4me.<\/p>\n<p>Vous souhaitant tout le meilleur,<br \/>\nMariko Tanabe \u2013 Directrice du programme<\/p>\n<h2>Le BODY-MIND CENTERING<sup>\u00ae<\/sup><\/h2>\n<p>Le Body-Mind Centering<sup>\u00ae<\/sup>\u00a0est une approche p\u00e9dagogique d\u2019\u00e9ducation somatique par le mouvement et le toucher.<br \/>\nCon\u00e7u par Bonnie Bainbridge Cohen, le BMC<sup>SM<\/sup>\u00a0est une \u00e9tude du corps en mouvement qui passe par l\u2019exp\u00e9rience : principalement par des explorations de mouvement et de toucher, mais aussi par l\u2019\u00e9tude de l\u2019anatomie et de la physiologie. Ce travail invite \u00e0 une d\u00e9couverte des syst\u00e8mes du corps (squelette, syst\u00e8me nerveux, syst\u00e8me musculaire, etc.), qui font chacun \u00e9merger des \u00e9tats de corps, des qualit\u00e9s de mouvement et des \u00e9tats d\u2019esprit sp\u00e9cifiques.<\/p>\n<p>Le BMC<sup>SM<\/sup>\u00a0propose \u00e9galement de revisiter les \u00e9tapes du d\u00e9veloppement de l\u2019enfant et de prendre conscience des habitudes de mouvement de chacun-e, afin d\u2019en \u00e9largir la gamme des possibles.<\/p>\n<p>Le ressenti et la mobilit\u00e9 des tissus du corps sont affin\u00e9s \u00e0 l\u2019aide du mouvement, du toucher, de la voix et de l\u2019imaginaire. Les apprentissages am\u00e9liorent peu \u00e0 peu la capacit\u00e9 \u00e0 s\u2019ouvrir aux changements et l\u2019aptitude \u00e0 aider les autres \u00e0 d\u00e9couvrir de nouvelles possibilit\u00e9s. C\u2019est par ce type d\u2019exploration que l\u2019on entre dans le processus d\u2019\u00ab incorporation \u00bb que propose le BMC<sup>SM.<\/sup><\/p>\n<p>Le Body-Mind Centering<sup>\u00ae<\/sup>\u00a0peut s\u2019appliquer \u00e0 une infinit\u00e9 d\u2019activit\u00e9s professionnelles. \u00c0 l\u2019heure actuelle, il est utilis\u00e9 en danse, en yoga et autres pratiques corporelles, dans le champ artistique (voix, musique, etc.); en ergoth\u00e9rapie, kin\u00e9sith\u00e9rapie, ost\u00e9opathie, psychoth\u00e9rapie, m\u00e9decine, ainsi que par ceux qui travaillent sur le d\u00e9veloppement de l\u2019enfant, la p\u00e9dagogie, ou encore dans le domaine des disciplines sportives ou psychophysiques.<\/p>\n<p>Le BMC<sup>SM<\/sup>\u00a0appartient au champ de l\u2019\u00e9ducation somatique, qui regroupe des m\u00e9thodes ayant en commun de travailler avec le corps v\u00e9cu pour le rendre plus sensible, plus conscient. L\u2019individu est abord\u00e9 dans sa globalit\u00e9, en tenant compte de l\u2019interaction entre ses dimensions physique, perceptuelle, \u00e9motionnelle, cognitive et relationnelle.<br \/>\nEn \u00e9ducation somatique, c\u2019est par l\u2019exp\u00e9rience que passent la d\u00e9couverte de soi et l\u2019apprentissage de nouveaux sch\u00e9mas de mouvement, de perception et de relation avec le milieu interne et l\u2019environnement externe.<\/p>\n<h2>Bonnie Bainbridge Cohen<\/h2>\n<p>Bonnie Bainbridge Cohen a con\u00e7u le Body-Mind Centering<sup>\u00ae<\/sup>. Elle est la fondatrice et la directrice p\u00e9dagogique de l\u2019\u00e9cole de BMC<sup>SM<\/sup>\u00a0(actuellement situ\u00e9e en Californie). Depuis plus de trente-cinq ans, elle \u00e9labore et fait \u00e9voluer cette approche holistique du mouvement, du toucher, de la r\u00e9organisation somatique, de l\u2019anatomie exp\u00e9rientielle, des processus de perception et de d\u00e9veloppement moteur et psychophysique. Elle est l\u2019auteur de Sentir, Ressentir et Agir.<\/p>\n<p>Ergoth\u00e9rapeute de formation, Bonnie est \u00e9galement dipl\u00f4m\u00e9e en th\u00e9rapie neurod\u00e9veloppementale, en analyse du mouvement Laban et en Kestenberg Movement Profiling. Elle a pratiqu\u00e9 l\u2019ergoth\u00e9rapie et a enseign\u00e9 dans des h\u00f4pitaux universitaires, particip\u00e9 \u00e0 la fondation d\u2019une \u00e9cole d\u2019ergoth\u00e9rapie et de kin\u00e9sith\u00e9rapie \u00e0 Tokyo, pratiqu\u00e9 le travail corporel et le mouvement dans des contextes psychiatriques, enseign\u00e9 \u00e0 la ma\u00eetrise en danse-th\u00e9rapie de l\u2019Universit\u00e9 Antioch en Nouvelle-Angleterre, enseign\u00e9 la danse \u00e0 l\u2019Universit\u00e9 Hunter et \u00e0 l\u2019\u00c9cole de Danse Erik Hawkins \u00e0 New York, et elle a donn\u00e9 de nombreux stages et conf\u00e9rences aux \u00c9tats-Unis, au Canada et en Europe.<\/p>\n<p>&nbsp;<\/p>\n<p>Traduction : SOMA<\/p>","protected":false},"excerpt":{"rendered":"<p>LE PROGRAMME DE FORMATION AGR\u00c9\u00c9 DE BODY-MIND CENTERING\u00ae \u00c0 MONTR\u00c9AL Merci de votre int\u00e9r\u00eat pour le programme de formation agr\u00e9\u00e9 de Body-Mind Centering\u00ae \u00e0 Montr\u00e9al. Nous offrions la formation certifi\u00e9e de 500 heures pour devenir un.e \u00e9ducateur.rice en mouvement somatique de Body-Mind Centering\u00ae. Apr\u00e8s avoir compl\u00e9t\u00e9 la formation de 500 heures d&rsquo;\u00e9ducation en mouvement somatique, [&hellip;]<\/p>\n","protected":false},"author":1,"featured_media":270,"parent":0,"menu_order":0,"comment_status":"closed","ping_status":"closed","template":"","meta":{"footnotes":""},"class_list":["post-225","page","type-page","status-publish","has-post-thumbnail","hentry"],"acf":[],"_links":{"self":[{"href":"https:\/\/marikotanabe.com\/fr\/wp-json\/wp\/v2\/pages\/225","targetHints":{"allow":["GET"]}}],"collection":[{"href":"https:\/\/marikotanabe.com\/fr\/wp-json\/wp\/v2\/pages"}],"about":[{"href":"https:\/\/marikotanabe.com\/fr\/wp-json\/wp\/v2\/types\/page"}],"author":[{"embeddable":true,"href":"https:\/\/marikotanabe.com\/fr\/wp-json\/wp\/v2\/users\/1"}],"replies":[{"embeddable":true,"href":"https:\/\/marikotanabe.com\/fr\/wp-json\/wp\/v2\/comments?post=225"}],"version-history":[{"count":30,"href":"https:\/\/marikotanabe.com\/fr\/wp-json\/wp\/v2\/pages\/225\/revisions"}],"predecessor-version":[{"id":992,"href":"https:\/\/marikotanabe.com\/fr\/wp-json\/wp\/v2\/pages\/225\/revisions\/992"}],"wp:featuredmedia":[{"embeddable":true,"href":"https:\/\/marikotanabe.com\/fr\/wp-json\/wp\/v2\/media\/270"}],"wp:attachment":[{"href":"https:\/\/marikotanabe.com\/fr\/wp-json\/wp\/v2\/media?parent=225"}],"curies":[{"name":"wp","href":"https:\/\/api.w.org\/{rel}","templated":true}]}}