{"id":20,"date":"2021-07-05T18:11:54","date_gmt":"2021-07-05T18:11:54","guid":{"rendered":"https:\/\/internal.macroblu.com\/Tanabe\/?page_id=20"},"modified":"2025-12-11T19:14:54","modified_gmt":"2025-12-11T19:14:54","slug":"home","status":"publish","type":"page","link":"https:\/\/marikotanabe.com\/fr\/","title":{"rendered":"Accueil"},"content":{"rendered":"<p><\/p>\n<h3>Mariko Tanabe<\/h3>\n<p>Mariko Tanabe est une interpr\u00e8te-chor\u00e9graphe acclam\u00e9e par la critique et dont le travail a \u00e9t\u00e9 applaudi sur la sc\u00e8ne internationale. Reconnue pour son \u00e9lectrisante pr\u00e9sence sur sc\u00e8ne, elle s\u2019appuie sur la richesse de ses explorations interculturelles et m\u00e9taphysiques pour cr\u00e9er des \u0153uvres passionn\u00e9es, sensuelles et hautement stylis\u00e9es. Son h\u00e9ritage japonais jumel\u00e9 \u00e0 la dynamique explosive et fougueuse du flamenco sont au c\u0153ur de ses explorations, tout autant que les myst\u00e8res de l\u2019esprit humain. Mariko privil\u00e9gie le travail en collaboration pour d\u00e9velopper des \u0153uvres qui int\u00e8grent souvent une musique originale interpr\u00e9t\u00e9e en direct et des \u00e9l\u00e9ments visuels au puissant pouvoir d\u2019\u00e9vocation. Elle a pr\u00e9sent\u00e9 ses chor\u00e9graphies depuis 1993 au Canada, Portugal, Autriche, Mexique, Malaisie, Allemagne, Su\u00e8de, France, la R\u00e9publique tcheque, Pologne, Italie, Japon et aux \u00c9tats-unis.<\/p>","protected":false},"excerpt":{"rendered":"<p>Mariko Tanabe Mariko Tanabe est une interpr\u00e8te-chor\u00e9graphe acclam\u00e9e par la critique et dont le travail a \u00e9t\u00e9 applaudi sur la sc\u00e8ne internationale. Reconnue pour son \u00e9lectrisante pr\u00e9sence sur sc\u00e8ne, elle s\u2019appuie sur la richesse de ses explorations interculturelles et m\u00e9taphysiques pour cr\u00e9er des \u0153uvres passionn\u00e9es, sensuelles et hautement stylis\u00e9es. Son h\u00e9ritage japonais jumel\u00e9 \u00e0 la [&hellip;]<\/p>\n","protected":false},"author":1,"featured_media":0,"parent":0,"menu_order":0,"comment_status":"closed","ping_status":"closed","template":"","meta":{"footnotes":""},"class_list":["post-20","page","type-page","status-publish","hentry"],"acf":[],"_links":{"self":[{"href":"https:\/\/marikotanabe.com\/fr\/wp-json\/wp\/v2\/pages\/20","targetHints":{"allow":["GET"]}}],"collection":[{"href":"https:\/\/marikotanabe.com\/fr\/wp-json\/wp\/v2\/pages"}],"about":[{"href":"https:\/\/marikotanabe.com\/fr\/wp-json\/wp\/v2\/types\/page"}],"author":[{"embeddable":true,"href":"https:\/\/marikotanabe.com\/fr\/wp-json\/wp\/v2\/users\/1"}],"replies":[{"embeddable":true,"href":"https:\/\/marikotanabe.com\/fr\/wp-json\/wp\/v2\/comments?post=20"}],"version-history":[{"count":40,"href":"https:\/\/marikotanabe.com\/fr\/wp-json\/wp\/v2\/pages\/20\/revisions"}],"predecessor-version":[{"id":1061,"href":"https:\/\/marikotanabe.com\/fr\/wp-json\/wp\/v2\/pages\/20\/revisions\/1061"}],"wp:attachment":[{"href":"https:\/\/marikotanabe.com\/fr\/wp-json\/wp\/v2\/media?parent=20"}],"curies":[{"name":"wp","href":"https:\/\/api.w.org\/{rel}","templated":true}]}}