{"id":110,"date":"2021-07-06T18:08:06","date_gmt":"2021-07-06T18:08:06","guid":{"rendered":"https:\/\/internal.macroblu.com\/Tanabe\/?page_id=110"},"modified":"2025-09-03T19:11:27","modified_gmt":"2025-09-03T19:11:27","slug":"private-sessions","status":"publish","type":"page","link":"https:\/\/marikotanabe.com\/fr\/private-sessions\/","title":{"rendered":"Sessions priv\u00e9es"},"content":{"rendered":"<p><\/p>\n<h1><strong>S\u00e9ances priv\u00e9es<\/strong><\/h1>\n<p>Les s\u00e9ances individuelles de Body-Mind Centering\u00ae sont disponibles sur rendez-vous. Lors d&rsquo;une s\u00e9ance priv\u00e9e, vous pourrez apprendre de nouvelles fa\u00e7ons de bouger, de vous percevoir et de vous exp\u00e9rimenter en r\u00e9ponse \u00e0 votre corps. Chaque s\u00e9ance est adapt\u00e9e \u00e0 vos besoins et \u00e0 votre exp\u00e9rience et peut contenir du mouvement, du travail d&rsquo;exploration, de l&rsquo;imagerie exp\u00e9rimentale, des illustrations anatomiques et du dialogue. Vous recevrez un soutien et acquerrez des comp\u00e9tences que vous pourrez appliquer dans votre vie professionnelle et quotidienne pour r\u00e9duire le stress, am\u00e9liorer la coordination et les performances, d\u00e9nouer les blocages \u00e9motionnels, soulager la douleur et favoriser votre bien-\u00eatre.<\/p>\n<p>&nbsp;<\/p>","protected":false},"excerpt":{"rendered":"<p>S\u00e9ances priv\u00e9es Les s\u00e9ances individuelles de Body-Mind Centering\u00ae sont disponibles sur rendez-vous. Lors d&rsquo;une s\u00e9ance priv\u00e9e, vous pourrez apprendre de nouvelles fa\u00e7ons de bouger, de vous percevoir et de vous exp\u00e9rimenter en r\u00e9ponse \u00e0 votre corps. Chaque s\u00e9ance est adapt\u00e9e \u00e0 vos besoins et \u00e0 votre exp\u00e9rience et peut contenir du mouvement, du travail d&rsquo;exploration, [&hellip;]<\/p>\n","protected":false},"author":1,"featured_media":0,"parent":0,"menu_order":0,"comment_status":"closed","ping_status":"closed","template":"","meta":{"footnotes":""},"class_list":["post-110","page","type-page","status-publish","hentry"],"acf":[],"_links":{"self":[{"href":"https:\/\/marikotanabe.com\/fr\/wp-json\/wp\/v2\/pages\/110","targetHints":{"allow":["GET"]}}],"collection":[{"href":"https:\/\/marikotanabe.com\/fr\/wp-json\/wp\/v2\/pages"}],"about":[{"href":"https:\/\/marikotanabe.com\/fr\/wp-json\/wp\/v2\/types\/page"}],"author":[{"embeddable":true,"href":"https:\/\/marikotanabe.com\/fr\/wp-json\/wp\/v2\/users\/1"}],"replies":[{"embeddable":true,"href":"https:\/\/marikotanabe.com\/fr\/wp-json\/wp\/v2\/comments?post=110"}],"version-history":[{"count":29,"href":"https:\/\/marikotanabe.com\/fr\/wp-json\/wp\/v2\/pages\/110\/revisions"}],"predecessor-version":[{"id":959,"href":"https:\/\/marikotanabe.com\/fr\/wp-json\/wp\/v2\/pages\/110\/revisions\/959"}],"wp:attachment":[{"href":"https:\/\/marikotanabe.com\/fr\/wp-json\/wp\/v2\/media?parent=110"}],"curies":[{"name":"wp","href":"https:\/\/api.w.org\/{rel}","templated":true}]}}